{"id":91,"date":"2026-05-13T12:03:42","date_gmt":"2026-05-13T10:03:42","guid":{"rendered":"https:\/\/fixsalis.be\/blog\/"},"modified":"2026-05-13T12:03:42","modified_gmt":"2026-05-13T10:03:42","slug":"blog","status":"publish","type":"page","link":"https:\/\/fixsalis.be\/en\/blog\/","title":{"rendered":"Blog"},"content":{"rendered":"\n<div class=\"apb-blog-index\">\n\n<header>\n<h1>Le blog Fixalis<\/h1>\n<p class=\"apb-lead\">Conseils, guides et actualit\u00e9s pour particuliers et artisans belges.<\/p>\n<\/header>\n\n<section class=\"apb-blog-intro\">\n<p>Le blog n&#8217;est pas encore activ\u00e9. Cette page sert de point d&#8217;ancrage SEO et accueillera prochainement :<\/p>\n<ul>\n<li>Guides pratiques (\u00ab Comment choisir son plombier \u00bb, \u00ab Quel budget pour r\u00e9nover une cuisine \u00bb, etc.) ;<\/li>\n<li>D\u00e9cryptages r\u00e9glementaires (loi Peeters-Borsus, obligation d\u00e9cennale, facturation PEPPOL, etc.) ;<\/li>\n<li>Tendances et tarifs du march\u00e9 belge ;<\/li>\n<li>T\u00e9moignages de pros et de particuliers.<\/li>\n<\/ul>\n<p><em>Vous voulez sugg\u00e9rer un sujet ? \u00c9crivez-nous via la <a href=\"\/contact\/\">page contact<\/a>.<\/em><\/p>\n<\/section>\n\n<section class=\"apb-blog-related\">\n<h2>En attendant, voici quelques ressources<\/h2>\n<ul>\n<li><a href=\"\/comment-ca-marche\/\">Comment \u00e7a marche<\/a> \u2014 fonctionnement du site<\/li>\n<li><a href=\"\/tarifs\/\">Tarifs &amp; formules<\/a> \u2014 pour les pros<\/li>\n<li><a href=\"\/faq\/\">FAQ<\/a> \u2014 questions fr\u00e9quentes<\/li>\n<li><a href=\"\/charte-qualite\/\">Charte qualit\u00e9<\/a> \u2014 nos engagements<\/li>\n<\/ul>\n<\/section>\n\n<!-- TODO : remplacer ce template par une vraie liste de WP_Query une fois que des articles sont publi\u00e9s. La page WP `\/blog\/` pourra alors \u00eatre convertie en page d'archive d'articles (template Bricks d\u00e9di\u00e9). -->\n\n<\/div>\n\n","protected":false},"excerpt":{"rendered":"<p>Le blog Fixalis Conseils, guides et actualit\u00e9s pour particuliers et artisans belges. Le blog n&#8217;est pas encore activ\u00e9. Cette page sert de point d&#8217;ancrage SEO et accueillera prochainement : Guides pratiques (\u00ab Comment choisir son plombier \u00bb, \u00ab Quel budget pour r\u00e9nover une cuisine \u00bb, etc.) ; D\u00e9cryptages r\u00e9glementaires (loi Peeters-Borsus, obligation d\u00e9cennale, facturation PEPPOL, [&hellip;]<\/p>\n","protected":false},"author":0,"featured_media":0,"parent":0,"menu_order":0,"comment_status":"closed","ping_status":"closed","template":"","meta":{"footnotes":""},"class_list":["post-91","page","type-page","status-publish","hentry"],"_links":{"self":[{"href":"https:\/\/fixsalis.be\/en\/wp-json\/wp\/v2\/pages\/91","targetHints":{"allow":["GET"]}}],"collection":[{"href":"https:\/\/fixsalis.be\/en\/wp-json\/wp\/v2\/pages"}],"about":[{"href":"https:\/\/fixsalis.be\/en\/wp-json\/wp\/v2\/types\/page"}],"replies":[{"embeddable":true,"href":"https:\/\/fixsalis.be\/en\/wp-json\/wp\/v2\/comments?post=91"}],"version-history":[{"count":0,"href":"https:\/\/fixsalis.be\/en\/wp-json\/wp\/v2\/pages\/91\/revisions"}],"wp:attachment":[{"href":"https:\/\/fixsalis.be\/en\/wp-json\/wp\/v2\/media?parent=91"}],"curies":[{"name":"wp","href":"https:\/\/api.w.org\/{rel}","templated":true}]}}