{"id":92,"date":"2026-05-13T12:03:42","date_gmt":"2026-05-13T10:03:42","guid":{"rendered":"https:\/\/fixsalis.be\/plan-du-site\/"},"modified":"2026-05-13T12:03:42","modified_gmt":"2026-05-13T10:03:42","slug":"plan-du-site","status":"publish","type":"page","link":"https:\/\/fixsalis.be\/en\/plan-du-site\/","title":{"rendered":"Plan du site"},"content":{"rendered":"\n<div class=\"apb-sitemap-page\">\n\n<header>\n<h1>Plan du site<\/h1>\n<p class=\"apb-lead\">Toutes les pages de Fixalis en un coup d&#8217;\u0153il.<\/p>\n<\/header>\n\n<section class=\"apb-sitemap-section\">\n<h2>Acc\u00e8s rapide<\/h2>\n<ul>\n<li><a href=\"\/\">Accueil<\/a><\/li>\n<li><a href=\"\/annuaire\/\">Annuaire des professionnels<\/a><\/li>\n<li><a href=\"\/referencer-mon-entreprise\/\">R\u00e9f\u00e9rencer mon entreprise<\/a><\/li>\n<li><a href=\"\/dashboard\/\">Mon espace<\/a><\/li>\n<\/ul>\n<\/section>\n\n<section class=\"apb-sitemap-section\">\n<h2>Comprendre Fixalis<\/h2>\n<ul>\n<li><a href=\"\/a-propos\/\">\u00c0 propos<\/a><\/li>\n<li><a href=\"\/comment-ca-marche\/\">Comment \u00e7a marche<\/a><\/li>\n<li><a href=\"\/charte-qualite\/\">Charte qualit\u00e9<\/a><\/li>\n<li><a href=\"\/temoignages\/\">T\u00e9moignages<\/a><\/li>\n<li><a href=\"\/blog\/\">Blog<\/a><\/li>\n<\/ul>\n<\/section>\n\n<section class=\"apb-sitemap-section\">\n<h2>Tarifs et conditions<\/h2>\n<ul>\n<li><a href=\"\/tarifs\/\">Tarifs &amp; formules<\/a><\/li>\n<li><a href=\"\/politique-trial\/\">Politique d&#8217;essai gratuit<\/a><\/li>\n<li><a href=\"\/conditions-vente\/\">Conditions g\u00e9n\u00e9rales de vente<\/a><\/li>\n<\/ul>\n<\/section>\n\n<section class=\"apb-sitemap-section\">\n<h2>Aide &amp; support<\/h2>\n<ul>\n<li><a href=\"\/faq\/\">Questions fr\u00e9quentes<\/a><\/li>\n<li><a href=\"\/contact\/\">Contact<\/a><\/li>\n<li><a href=\"\/connexion\/\">Connexion<\/a><\/li>\n<li><a href=\"\/inscription\/\">Inscription (particuliers)<\/a><\/li>\n<li><a href=\"\/mot-de-passe-oublie\/\">Mot de passe oubli\u00e9<\/a><\/li>\n<\/ul>\n<\/section>\n\n<section class=\"apb-sitemap-section\">\n<h2>Mentions l\u00e9gales<\/h2>\n<ul>\n<li><a href=\"\/mentions-legales\/\">Mentions l\u00e9gales<\/a><\/li>\n<li><a href=\"\/conditions-generales\/\">Conditions g\u00e9n\u00e9rales d&#8217;utilisation<\/a><\/li>\n<li><a href=\"\/confidentialite\/\">Politique de confidentialit\u00e9<\/a><\/li>\n<li><a href=\"\/cookies\/\">Politique cookies<\/a><\/li>\n<li><a href=\"\/supprimer-mon-compte\/\">Suppression de compte<\/a><\/li>\n<\/ul>\n<\/section>\n\n<section class=\"apb-sitemap-section\">\n<h2>Sitemap technique<\/h2>\n<p>Pour les moteurs de recherche : <a href=\"\/sitemap-apb.xml\">sitemap-apb.xml<\/a> \u00b7 <a href=\"\/llms.txt\">llms.txt<\/a><\/p>\n<\/section>\n\n<\/div>\n\n","protected":false},"excerpt":{"rendered":"<p>Plan du site Toutes les pages de Fixalis en un coup d&#8217;\u0153il. Acc\u00e8s rapide Accueil Annuaire des professionnels R\u00e9f\u00e9rencer mon entreprise Mon espace Comprendre Fixalis \u00c0 propos Comment \u00e7a marche Charte qualit\u00e9 T\u00e9moignages Blog Tarifs et conditions Tarifs &amp; formules Politique d&#8217;essai gratuit Conditions g\u00e9n\u00e9rales de vente Aide &amp; support Questions fr\u00e9quentes Contact Connexion Inscription [&hellip;]<\/p>\n","protected":false},"author":0,"featured_media":0,"parent":0,"menu_order":0,"comment_status":"closed","ping_status":"closed","template":"","meta":{"footnotes":""},"class_list":["post-92","page","type-page","status-publish","hentry"],"_links":{"self":[{"href":"https:\/\/fixsalis.be\/en\/wp-json\/wp\/v2\/pages\/92","targetHints":{"allow":["GET"]}}],"collection":[{"href":"https:\/\/fixsalis.be\/en\/wp-json\/wp\/v2\/pages"}],"about":[{"href":"https:\/\/fixsalis.be\/en\/wp-json\/wp\/v2\/types\/page"}],"replies":[{"embeddable":true,"href":"https:\/\/fixsalis.be\/en\/wp-json\/wp\/v2\/comments?post=92"}],"version-history":[{"count":0,"href":"https:\/\/fixsalis.be\/en\/wp-json\/wp\/v2\/pages\/92\/revisions"}],"wp:attachment":[{"href":"https:\/\/fixsalis.be\/en\/wp-json\/wp\/v2\/media?parent=92"}],"curies":[{"name":"wp","href":"https:\/\/api.w.org\/{rel}","templated":true}]}}