{"id":93,"date":"2026-05-13T12:03:42","date_gmt":"2026-05-13T10:03:42","guid":{"rendered":"https:\/\/fixsalis.be\/temoignages\/"},"modified":"2026-05-13T12:03:42","modified_gmt":"2026-05-13T10:03:42","slug":"temoignages","status":"publish","type":"page","link":"https:\/\/fixsalis.be\/en\/temoignages\/","title":{"rendered":"T\u00e9moignages"},"content":{"rendered":"\n<div class=\"apb-testimonials-page\">\n\n<header>\n<h1>T\u00e9moignages<\/h1>\n<p class=\"apb-lead\">Ce que disent les pros et les particuliers qui utilisent Fixalis au quotidien.<\/p>\n<\/header>\n\n<section class=\"apb-testimonials-empty\">\n<p>Les premiers t\u00e9moignages seront publi\u00e9s ici d\u00e8s que le service comptera suffisamment d&#8217;utilisateurs actifs pour offrir des retours repr\u00e9sentatifs.<\/p>\n<p><em>Vous utilisez Fixalis et souhaitez partager votre retour ? \u00c9crivez-nous via la <a href=\"\/contact\/\">page contact<\/a> \u2014 nous lisons tout.<\/em><\/p>\n<\/section>\n\n<section class=\"apb-testimonials-meanwhile\">\n<h2>En attendant, consultez les avis sur les fiches pros<\/h2>\n<p>Chaque fiche professionnelle de l&#8217;<a href=\"\/annuaire\/\">annuaire<\/a> contient les avis v\u00e9rifi\u00e9s laiss\u00e9s par les particuliers ayant fait appel \u00e0 ses services. Les avis sont mod\u00e9r\u00e9s (filtre IA + contr\u00f4le humain) et le pro peut y r\u00e9pondre publiquement.<\/p>\n<p><a class=\"apb-plan-cta\" href=\"\/annuaire\/\">Voir les pros r\u00e9f\u00e9renc\u00e9s<\/a><\/p>\n<\/section>\n\n<!-- TODO : ajouter ici des t\u00e9moignages r\u00e9els une fois 20-30 pros actifs et au moins 50 avis publi\u00e9s. Format sugg\u00e9r\u00e9 : 6-8 cartes avec citation + nom + m\u00e9tier + ville + photo. -->\n\n<\/div>\n\n","protected":false},"excerpt":{"rendered":"<p>T\u00e9moignages Ce que disent les pros et les particuliers qui utilisent Fixalis au quotidien. Les premiers t\u00e9moignages seront publi\u00e9s ici d\u00e8s que le service comptera suffisamment d&#8217;utilisateurs actifs pour offrir des retours repr\u00e9sentatifs. Vous utilisez Fixalis et souhaitez partager votre retour ? \u00c9crivez-nous via la page contact \u2014 nous lisons tout. En attendant, consultez les [&hellip;]<\/p>\n","protected":false},"author":0,"featured_media":0,"parent":0,"menu_order":0,"comment_status":"closed","ping_status":"closed","template":"","meta":{"footnotes":""},"class_list":["post-93","page","type-page","status-publish","hentry"],"_links":{"self":[{"href":"https:\/\/fixsalis.be\/en\/wp-json\/wp\/v2\/pages\/93","targetHints":{"allow":["GET"]}}],"collection":[{"href":"https:\/\/fixsalis.be\/en\/wp-json\/wp\/v2\/pages"}],"about":[{"href":"https:\/\/fixsalis.be\/en\/wp-json\/wp\/v2\/types\/page"}],"replies":[{"embeddable":true,"href":"https:\/\/fixsalis.be\/en\/wp-json\/wp\/v2\/comments?post=93"}],"version-history":[{"count":0,"href":"https:\/\/fixsalis.be\/en\/wp-json\/wp\/v2\/pages\/93\/revisions"}],"wp:attachment":[{"href":"https:\/\/fixsalis.be\/en\/wp-json\/wp\/v2\/media?parent=93"}],"curies":[{"name":"wp","href":"https:\/\/api.w.org\/{rel}","templated":true}]}}